{"id":182,"date":"2017-08-26T19:39:58","date_gmt":"2017-08-26T17:39:58","guid":{"rendered":"http:\/\/lehrmaterial.cafrait.de\/?page_id=182"},"modified":"2024-03-04T14:16:54","modified_gmt":"2024-03-04T13:16:54","slug":"kostenlose-muster","status":"publish","type":"page","link":"https:\/\/lehrmaterial.net\/?page_id=182","title":{"rendered":"Kostenlose Muster"},"content":{"rendered":"\n<p>Du m\u00f6chtest Muster sehen, wie unser Material aufgebaut ist?&nbsp; Hier kannst du dir einige Muster f\u00fcr deine kostenlose Nutzung downloaden. So und in \u00e4hnlicher Art und Weise ist unser Material aufgebaut.<\/p>\n\n\n\n<ul class=\"wp-block-list\">\n<li>Warum soll ich mich taufen lassen? <br>Heft aus der Reihe &#8222;Glauben praktisch&#8220; \/ Leseversion<br><a href=\"https:\/\/lehrmaterial.net\/wp-content\/uploads\/2024\/03\/gp_03_taufe_2024_lese.pdf\" target=\"_blank\" rel=\"noreferrer noopener\">ansehen &amp; downloaden<\/a><\/li>\n\n\n\n<li>Academy Lektion 1 auf Deutsch<br><a href=\"https:\/\/lehrmaterial.net\/wp-content\/uploads\/2017\/09\/academy_01_DE_deine_neue_natur_in_christus_v_01c.pdf\" target=\"_blank\" rel=\"noreferrer noopener\">ansehen &amp; downloaden<\/a><\/li>\n<\/ul>\n\n\n\n<div class=\"wp-block-columns is-layout-flex wp-container-core-columns-is-layout-9d6595d7 wp-block-columns-is-layout-flex\">\n<div class=\"wp-block-column is-layout-flow wp-block-column-is-layout-flow\" style=\"flex-basis:100%\"><\/div>\n<\/div>\n\n\n\n<p>Weiteres umfangreiches Material findest du im bestellbaren Power-Pack.<\/p>\n\n\n\n<p><\/p>\n\n\n\n<p><\/p>\n","protected":false},"excerpt":{"rendered":"<p>Du m\u00f6chtest Muster sehen, wie unser Material aufgebaut ist?&nbsp; Hier kannst du dir einige Muster f\u00fcr deine kostenlose Nutzung downloaden. So und in \u00e4hnlicher Art&hellip;<\/p>\n","protected":false},"author":1,"featured_media":16204,"parent":77,"menu_order":0,"comment_status":"closed","ping_status":"closed","template":"","meta":{"footnotes":""},"class_list":["post-182","page","type-page","status-publish","has-post-thumbnail","hentry"],"jetpack_sharing_enabled":true,"_links":{"self":[{"href":"https:\/\/lehrmaterial.net\/index.php?rest_route=\/wp\/v2\/pages\/182","targetHints":{"allow":["GET"]}}],"collection":[{"href":"https:\/\/lehrmaterial.net\/index.php?rest_route=\/wp\/v2\/pages"}],"about":[{"href":"https:\/\/lehrmaterial.net\/index.php?rest_route=\/wp\/v2\/types\/page"}],"author":[{"embeddable":true,"href":"https:\/\/lehrmaterial.net\/index.php?rest_route=\/wp\/v2\/users\/1"}],"replies":[{"embeddable":true,"href":"https:\/\/lehrmaterial.net\/index.php?rest_route=%2Fwp%2Fv2%2Fcomments&post=182"}],"version-history":[{"count":10,"href":"https:\/\/lehrmaterial.net\/index.php?rest_route=\/wp\/v2\/pages\/182\/revisions"}],"predecessor-version":[{"id":16405,"href":"https:\/\/lehrmaterial.net\/index.php?rest_route=\/wp\/v2\/pages\/182\/revisions\/16405"}],"up":[{"embeddable":true,"href":"https:\/\/lehrmaterial.net\/index.php?rest_route=\/wp\/v2\/pages\/77"}],"wp:featuredmedia":[{"embeddable":true,"href":"https:\/\/lehrmaterial.net\/index.php?rest_route=\/wp\/v2\/media\/16204"}],"wp:attachment":[{"href":"https:\/\/lehrmaterial.net\/index.php?rest_route=%2Fwp%2Fv2%2Fmedia&parent=182"}],"curies":[{"name":"wp","href":"https:\/\/api.w.org\/{rel}","templated":true}]}}