{"id":123,"date":"2017-06-23T22:08:10","date_gmt":"2017-06-23T20:08:10","guid":{"rendered":"http:\/\/lehrmaterial.cafrait.de\/?page_id=123"},"modified":"2024-03-04T14:00:16","modified_gmt":"2024-03-04T13:00:16","slug":"themenuebersicht","status":"publish","type":"page","link":"https:\/\/lehrmaterial.net\/?page_id=123","title":{"rendered":"Themengruppen\u00fcbersicht"},"content":{"rendered":"\n<p>Welches Lehrmaterial gibt es bei uns? <\/p>\n\n\n\n<p>Du befindest dich jetzt hier in der Themen\u00fcbersicht. Hier kannst du dir einen schnellen Eindruck dar\u00fcber verschaffen, was in unserem Download-Pack vorhanden ist.<\/p>\n\n\n\n<h4 class=\"wp-block-heading\"><strong>A1 &#8211; FCGM &#8211; Academy &#8211; Bibelstudium intensiv<\/strong><\/h4>\n\n\n\n<p>Die FCG-M-Academy wurde im Jahr 2017 erstmalig in verschiedene Sprachen in der FCG M\u00fcnchen gehalten. Die Schwerpunkte des Inhalts waren die grundlegenden Erfahrungen im Glauben. Zielgruppe waren v.a. iranische Fl\u00fcchtlinge und bulgarische Migranten.&nbsp; Die aufgezeichneten Videos sind zu finden in der Playlist auf <a href=\"http:\/\/&quot;https:\/\/www.youtube.com\/playlist?list=PLYyLtfQ9BN-fdbRt_6iZKuynpMyNpZb4O\">YouTube<\/a>. Diese k\u00f6nnen auch im Nachgang gut eingesetzt werden. Verschiedene Versionen!&nbsp; In dieser Version von Lehrmaterial.net sind nur die PDF-Dateien eingef\u00fcgt. F\u00fcr einen weitere Benutzung des Materials k\u00f6nnen die Word-Dateien in einem separaten Paket in unserem Shop bestellt werden, incl. Nutzungslizenz.<\/p>\n\n\n\n<h4 class=\"wp-block-heading\"><strong>A2 &#8211; Altes Testament<\/strong><\/h4>\n\n\n\n<p>F\u00fcr viele Christen bleibt der Zugang zum Alten Testament verschlossen, da sie sich damit entweder nicht genug besch\u00e4ftigen, oder es nicht gelehrt wird. In dieser Materialgruppe gibt es einige Ans\u00e4tze, die ins Studium des AT hineinf\u00fchren.&nbsp;&nbsp;<\/p>\n\n\n\n<h4 class=\"wp-block-heading\"><strong>B1 &#8211; Bibel&nbsp; &#8211; Wort Gottes &#8211; Gebet<\/strong><\/h4>\n\n\n\n<p>Die Bibel, das Wort Gottes, das Gebet. Diese Punkte stehen im Mittelpunkt eines Gemeindelebens. Sie sollten zumindestens dort stehen. In dieser Themengruppe findest du einige Impulse, die sich mit den genannten Themenbereichen besch\u00e4ftigen.&nbsp; Als Kurzimpulse aber auch zum vertiefenden Studium geeignet.&nbsp;<\/p>\n\n\n\n<h4 class=\"wp-block-heading\"><strong>B2 &#8211; Biblische Fundamente<\/strong><\/h4>\n\n\n\n<p>Biblische Fundamente und Geistliche Impulse &#8211; sind zusammengefasst in diesem Bereich, der versucht, sich umfassend mit den verschiedenen Grundlagen des geistlichen Lebens auseinanderzusetzen. Hierbei werden grundlegende biblische Impulse gesetzt.&nbsp; Das Material eignet sich in der Regel f\u00fcr Lehre oder auch Kleingruppenarbeit, teilweise auch f\u00fcr Predigten.&nbsp;<\/p>\n\n\n\n<h4 class=\"wp-block-heading\"><strong>C2 &#8211; Cleansing Classes<\/strong><\/h4>\n\n\n\n<p>Cleansing Classes ist eine Lehrreihe von acht Einheiten mit einem Abschluss &#8211; Segnungswochenende. Der Kurs entsprang urspr\u00fcnglich aus dem Dienst von Jack Hayford in California und wurde von Mitarbeitern einer &#8222;Assemblies of God&#8220; Gemeinde in Michigan&nbsp; weiterentwickelt. In Zusammenarbeit mit der Gemeinde Christus -Centrum in Tostedt und dem Einsatz von Pastor Andreas Timm wurde dieser Kurs in Deutschland eingef\u00fchrt.&nbsp;<\/p>\n\n\n\n<h4 class=\"wp-block-heading\"><strong>E1 &#8211; Ehe und Familie<\/strong><\/h4>\n\n\n\n<p>Suchst du einen Kurs zur Ehevorbereitung? Willst du Impulse f\u00fcr den Umgang mit Sexualit\u00e4t setzen? Suchst du geeignetes Material \u00fcber eine Predigt zum Thema Ehe &amp; Familie? Hier gibt es geeignetes, praxiserprobtes Material, das weiterhilft. Das Thema Ehe und Familie wird sehr grunds\u00e4tzlich aufgearbeitet. Besonders empfehlen wir die Anwendung des Ehevorbereitungsseminars.<\/p>\n\n\n\n<h4 class=\"wp-block-heading\"><strong>E2 &#8211; Endzeit<\/strong><\/h4>\n\n\n\n<p>Die Offenbarung bietet einen schier unermesslichen Schatz an Studienans\u00e4tzen f\u00fcr das endzeitliche Geschehen. Welches gedankliche Modell soll vertreten werden? Was ist in sich schl\u00fcssig? Unser Material \u00fcber die Offenbarung beitet einen reichen Schatz,&nbsp; der f\u00fcr das pers\u00f6nliche Bibelstudium und v.a. f\u00fcr das Bibelstudium in einer Gruppe Verwendung finden kann.<\/p>\n\n\n\n<h4 class=\"wp-block-heading\"><strong>G1 &#8211; Gemeinde<\/strong><\/h4>\n\n\n\n<p>Gemeinde ist und bleibt ein gro\u00dfes Geheimnis. Diese unterschiedlichen Studien beleuchten die verschiedenen Aspekte der Gemeinde aus unterschiedlicher Sichtweise. Es sind Ans\u00e4tze f\u00fcr Predigten vorhanden, aber auch f\u00fcr verschiedene Seminare. Es ist das Anliegen von Lehrmaterial.net, Gemeindearbeit so zu f\u00f6rdern, dass sie in ihrer vollen Bl\u00fcte steht.<\/p>\n\n\n\n<h4 class=\"wp-block-heading\"><strong>G2 &#8211; Gemeindepraxis und Strategie<\/strong><\/h4>\n\n\n\n<p>F\u00fcr die Arbeit in der Gemeinde gibt es tausend Dinge, die einem das Leben schwer &#8211; oder auch leichter &#8211; machen. In dieser Sammlung von Dokumenten findest du etliche Anregungen, die dir helfen, einige Dinge innerhalb der Gemeinde einfacher zu gestalten. Ausserdem findest du hier strategische \u00dcberlegungen zur Gemeinde, Konzepte, Gedankenans\u00e4tze.<\/p>\n\n\n\n<h4 class=\"wp-block-heading\"><strong>G3 &#8211; Glauben Praktisch Reihe<\/strong><\/h4>\n\n\n\n<p>Glauben praktisch &#8211; hei\u00dft eine Publikationsreihe, die sich zum Weitergeben in der Gemeinde ideal eignet. Auf besonderes Interesse ist bisher der Band 2 gesto\u00dfen,\u00a0 der unter dem Motto S\u00fcndenbekenntnis befreit in eine pers\u00f6nliche Lebensbereingung hineinf\u00fchrt. Verschiedene grunds\u00e4tzliche Fragen des Glaubens werden hier behandelt.\u00a0<br>In dieser Version von Lehrmaterial.net sind nur die Lese-PDF-Dateien eingef\u00fcgt. F\u00fcr einen weitere Benutzung der Heftchenreihe k\u00f6nnen die Word-Dateien in einem separaten Paket in unserem Shop bestellt werden, incl. Nutzungslizenz. (z.B. Ausdrucken f\u00fcr eigene Zwecke in gr\u00f6\u00dferem Stil)<\/p>\n\n\n\n<h4 class=\"wp-block-heading\"><strong>G4 &#8211; Glaubensgrundlagen<\/strong><\/h4>\n\n\n\n<p>Basics im Glauben m\u00fcssen gut vermittelt werden. Hierzu haben wir bereits in den fr\u00fchen Jahren unserer Arbeit fundiertes Material erarbeitet, das auch heute nichts an Aktualit\u00e4t eingeb\u00fc\u00dft hat. Mehrteilige Schulungen f\u00fcr Menschen, die auf dem Weg mit Jesus noch ganz am Anfang sind, sind in diesem Bereich zu finden.&nbsp; Die Optik des Materials ist teilweise nicht auf der H\u00f6he der Zeit. Die Inhalte lassen sich aber gut anpassen.<\/p>\n\n\n\n<h4 class=\"wp-block-heading\"><strong>G5 &#8211; Grafiken<\/strong><\/h4>\n\n\n\n<p>Die im Lehrmaterial.Net verwendeten Grafiken finden sich hier als Grafiksammlung noch einmal zusammen wieder.&nbsp;<\/p>\n\n\n\n<h4 class=\"wp-block-heading\"><strong>H1 &#8211; Heiliger Geist &#8211; Pneumatologie<\/strong><\/h4>\n\n\n\n<p>Die Lehre vom Heiligen Geist. Der Dienst im Geist, die Freiheit und der Durchbruch zu \u00fcbernat\u00fcrlichen Erfahrungen wird hier beleuchtet. Dabei haben wir Wert auf eine grunds\u00e4tzliche theoretische Erarbeitung der Themen gelegt, jedoch auch viele praktische Aspekte des prophetischen Dienstes mit einflie\u00dfen lassen.<\/p>\n\n\n\n<h4 class=\"wp-block-heading\"><strong>K1 &#8211; Kinderdienst Jugend<\/strong><\/h4>\n\n\n\n<p>Neue Ideen f\u00fcr den Kinderdienst und die Jugend. Hier sind einige wenige Konzepte zu finden.&nbsp;&nbsp;<\/p>\n\n\n\n<h4 class=\"wp-block-heading\"><strong>L1 &#8211; Leiterschaft Mitarbeiterschaft Bibelschule<\/strong><\/h4>\n\n\n\n<p>Eine der wichtigsten Aufgaben innerhalb einer Gemeinde ist die Schulung von neuen Mitarbeitern und Leitern. Leider wird gerade dieser Dienstbereich oft vernachl\u00e4ssigt, denn nicht selten fehlt es am Material, das auch wirklich praxisnah eingesetzt werden&nbsp; kann und nicht \u00fcber die K\u00f6pfe hinweggeht. Unter dieser Themengruppe sind verschiedene Mitarbeiterschulungen f\u00fcr kurze oder l\u00e4ngere Seminare zu finden.<\/p>\n\n\n\n<h4 class=\"wp-block-heading\"><strong>N1 &#8211; Neues Testament<\/strong><\/h4>\n\n\n\n<p>Diese Kurse sollen helfen, das biblische Grundwissen \u00fcber verschiedene Bereiche des Neuen Testamentes zu legen. Es geht in einer Einf\u00fchrung systematisch durch das ganze Neue Testament. Dieses Material ist auch als Anregung zum eigenen vertiefenden Studium gedacht. Wichtig ist uns, dass Materialien von uns nicht nur einfach &#8222;kopiert&#8220; werden, sondern um sie recht einzusetzen ist &#8222;kapieren&#8220; und ins Herz nehmen angesagt.<\/p>\n\n\n\n<h4 class=\"wp-block-heading\"><strong>P1 &#8211; Predigten Bibelarbeiten einzelne<\/strong><\/h4>\n\n\n\n<p>Ein gro\u00dfer Schatz von Einzelpredigten ist hier im Konzeptbereich zu finden. Das sollen Impulse f\u00fcr eigene weitergehende \u00dcberlegungen sein. Wir warnen dringen davor, Konzepte von anderen einfach nur so zu &#8222;kopieren&#8220;, obwohl wir an sich nichts dagegen haben, es zu tun. Die Konzepte k\u00f6nnen gut Verwendung finden, sollten jedoch nicht nur einfach &#8222;kopiert&#8220; werden.<\/p>\n\n\n\n<h4 class=\"wp-block-heading\"><strong>P2 &#8211; Predigtreihen<\/strong><\/h4>\n\n\n\n<p>Dieser Bereich erschlie\u00dft Predigtserien, die zu bestimmten Themenreihen oder kompletten Bibelabschnitten (z.B. Apostelgeschichte oder Hebr\u00e4erbrief) gehalten wurden.&nbsp; F\u00fcr die Predigten sind in der Regel Konzepte vorhanden, tlw. auch Power Point Pr\u00e4sentationen und andere Hilfsmittel.<\/p>\n\n\n\n<h4 class=\"wp-block-heading\"><strong>S1 &#8211; Seelsorge Heilung<\/strong><\/h4>\n\n\n\n<p>Seelsorgerliche Themen werden hier aufgegriffen. Dabei sind zum einen Ausbildungsthemen zu finden, auf der anderen Seite auch Ausarbeitungen, die die pers\u00f6nlichen Aspekte der selbst erfahrenen Seelsorge beleuchten.&nbsp; Es sind mehrere ausf\u00fchrliche Seminarunterlagen enthalten, mit denen sich auch ganze Seminarbl\u00f6cke halten lassen. Weitere Einzelthemen.<\/p>\n\n\n\n<h4 class=\"wp-block-heading\"><strong>T1 &#8211; Themenreihen Einzelthemen<\/strong><\/h4>\n\n\n\n<p>Wir haben einige Seminare erarbeitet, die von einem thematischen Ansatz einen Bereich erschlie\u00dfen. Hier geht es nicht in erster Linie um Bibelauslegung, sondern der Ansatz kommt vom Thema her.&nbsp; Hier findest du u.a. ein Lobpreisseminar und andere interessante Themen f\u00fcr die Gemeindearbeit.&nbsp;<\/p>\n\n\n\n<h4 class=\"wp-block-heading\"><strong>W1 &#8211; Weihnachten Ostern<\/strong><\/h4>\n\n\n\n<p>Weihnachten oder Ostern nahen? Welche neuen Gestaltungsideen gibt es f\u00fcr Gottesdienste und Versammlungen? Hier einige Beispiele.&nbsp;&nbsp;<\/p>\n\n\n\n<hr class=\"wp-block-separator has-alpha-channel-opacity\"\/>\n\n\n\n<p>Foto von <a href=\"https:\/\/unsplash.com\/de\/@paulmelki?utm_content=creditCopyText&amp;utm_medium=referral&amp;utm_source=unsplash\">Paul Melki<\/a> auf <a href=\"https:\/\/unsplash.com\/de\/fotos\/bucher-auf-dem-regalfoto-bByhWydZLW0?utm_content=creditCopyText&amp;utm_medium=referral&amp;utm_source=unsplash\">Unsplash<\/a><\/p>\n","protected":false},"excerpt":{"rendered":"<p>Welches Lehrmaterial gibt es bei uns? Du befindest dich jetzt hier in der Themen\u00fcbersicht. Hier kannst du dir einen schnellen Eindruck dar\u00fcber verschaffen, was in&hellip;<\/p>\n","protected":false},"author":1,"featured_media":16308,"parent":79,"menu_order":0,"comment_status":"closed","ping_status":"closed","template":"","meta":{"footnotes":""},"class_list":["post-123","page","type-page","status-publish","has-post-thumbnail","hentry"],"jetpack_sharing_enabled":true,"_links":{"self":[{"href":"https:\/\/lehrmaterial.net\/index.php?rest_route=\/wp\/v2\/pages\/123","targetHints":{"allow":["GET"]}}],"collection":[{"href":"https:\/\/lehrmaterial.net\/index.php?rest_route=\/wp\/v2\/pages"}],"about":[{"href":"https:\/\/lehrmaterial.net\/index.php?rest_route=\/wp\/v2\/types\/page"}],"author":[{"embeddable":true,"href":"https:\/\/lehrmaterial.net\/index.php?rest_route=\/wp\/v2\/users\/1"}],"replies":[{"embeddable":true,"href":"https:\/\/lehrmaterial.net\/index.php?rest_route=%2Fwp%2Fv2%2Fcomments&post=123"}],"version-history":[{"count":9,"href":"https:\/\/lehrmaterial.net\/index.php?rest_route=\/wp\/v2\/pages\/123\/revisions"}],"predecessor-version":[{"id":16395,"href":"https:\/\/lehrmaterial.net\/index.php?rest_route=\/wp\/v2\/pages\/123\/revisions\/16395"}],"up":[{"embeddable":true,"href":"https:\/\/lehrmaterial.net\/index.php?rest_route=\/wp\/v2\/pages\/79"}],"wp:featuredmedia":[{"embeddable":true,"href":"https:\/\/lehrmaterial.net\/index.php?rest_route=\/wp\/v2\/media\/16308"}],"wp:attachment":[{"href":"https:\/\/lehrmaterial.net\/index.php?rest_route=%2Fwp%2Fv2%2Fmedia&parent=123"}],"curies":[{"name":"wp","href":"https:\/\/api.w.org\/{rel}","templated":true}]}}